{"id":17,"date":"2022-06-18T13:23:40","date_gmt":"2022-06-18T13:23:40","guid":{"rendered":"https:\/\/www.alteritas.li\/?page_id=17"},"modified":"2025-10-23T08:09:54","modified_gmt":"2025-10-23T06:09:54","slug":"impressum","status":"publish","type":"page","link":"https:\/\/www.alteritas.li\/de\/impressum\/","title":{"rendered":"Impressum"},"content":{"rendered":"\n<p><strong>Alteritas Strategie Fonds<\/strong><br>Werdenbergerweg 11<br>P.O. Box 749<br>9490 Vaduz<br>Liechtenstein<\/p>\n\n\n\n<p>T +423 236 17 00<\/p>\n\n\n\n<h2 class=\"wp-block-heading\">Gesch\u00e4ftsf\u00fchrer<\/h2>\n\n\n\n<p>Mag. Volker G. Zaworka<br>CEO<br>Chief Investment Officer<br><a href=\"mailto:m.wachter@sercor.com\"><\/a><a href=\"mailto:v.zaworka@alteritas.com\">v.zaworka@alteritas.com<\/a><\/p>\n\n\n\n<p>Gesellschaftsform: Anstalt nach dem PGR Personen- und Gesellschaftsrecht<br>Handelsregister: Vaduz FL-0001.500.251-2<br>Gerichtsstand: Vaduz<br>Mitgliedschaften: Liechtensteiner Treuhandkammer<br>Anwendbare Rechtsvorschriften: PGR Personen- und Gesellschaftsrecht<br>Aufsichtsbeh\u00f6rde: FMA Finanzmarktaufsicht Liechtenstein<\/p>\n\n\n\n<h2 class=\"wp-block-heading\">Urheberrechte<\/h2>\n\n\n\n<p>Die Inhalte dieser Homepage (Text- und Bildmaterial) werden Internet-Nutzern ausschlie\u00dflich zum privaten, eigenen Gebrauch zur Verf\u00fcgung gestellt. Jede gewerbliche Nutzung der Inhalte bedarf der schriftlichen Genehmigung durch die SERCOR Group. Das ausschlie\u00dfliche Nutzungsrecht f\u00fcr die Texte und Bilder liegt beim Betreiber dieser Webseite. Ausgenommen sind unver\u00e4nderte lizenzfreie Bilder.<\/p>\n\n\n\n<h3 class=\"wp-block-heading\">Konzeption und Gestaltung<\/h3>\n\n\n\n<p>studio spitzar, Dornbirn, \u00d6sterreich<br>Artistic Direction &#8211; Marco Spitzar<br>Design &#8211; Mario Brugger<br>Project Management &#8211; Anita Greber<\/p>\n\n\n\n<h3 class=\"wp-block-heading\">Programmierung und Hosting<\/h3>\n\n\n\n<p>creativemedia AG, Schaan, Liechtenstein<\/p>\n","protected":false},"excerpt":{"rendered":"<p>Alteritas Strategie FondsWerdenbergerweg 11P.O. Box 7499490 VaduzLiechtenstein T +423 236 17 00 Gesch\u00e4ftsf\u00fchrer Mag. Volker G. ZaworkaCEOChief Investment Officerv.zaworka@alteritas.com Gesellschaftsform: Anstalt nach dem PGR Personen- und GesellschaftsrechtHandelsregister: Vaduz FL-0001.500.251-2Gerichtsstand: VaduzMitgliedschaften: Liechtensteiner TreuhandkammerAnwendbare Rechtsvorschriften: PGR Personen- und GesellschaftsrechtAufsichtsbeh\u00f6rde: FMA Finanzmarktaufsicht Liechtenstein Urheberrechte Die Inhalte dieser Homepage (Text- und Bildmaterial) werden Internet-Nutzern ausschlie\u00dflich zum privaten, eigenen Gebrauch [&hellip;]<\/p>\n","protected":false},"author":1,"featured_media":0,"parent":0,"menu_order":0,"comment_status":"closed","ping_status":"closed","template":"","meta":{"_seopress_robots_primary_cat":"","_seopress_titles_title":"","_seopress_titles_desc":"","_seopress_robots_index":"yes","footnotes":""},"class_list":["post-17","page","type-page","status-publish","hentry"],"meta_box":[],"_links":{"self":[{"href":"https:\/\/www.alteritas.li\/de\/wp-json\/wp\/v2\/pages\/17","targetHints":{"allow":["GET"]}}],"collection":[{"href":"https:\/\/www.alteritas.li\/de\/wp-json\/wp\/v2\/pages"}],"about":[{"href":"https:\/\/www.alteritas.li\/de\/wp-json\/wp\/v2\/types\/page"}],"author":[{"embeddable":true,"href":"https:\/\/www.alteritas.li\/de\/wp-json\/wp\/v2\/users\/1"}],"replies":[{"embeddable":true,"href":"https:\/\/www.alteritas.li\/de\/wp-json\/wp\/v2\/comments?post=17"}],"version-history":[{"count":1,"href":"https:\/\/www.alteritas.li\/de\/wp-json\/wp\/v2\/pages\/17\/revisions"}],"predecessor-version":[{"id":582,"href":"https:\/\/www.alteritas.li\/de\/wp-json\/wp\/v2\/pages\/17\/revisions\/582"}],"wp:attachment":[{"href":"https:\/\/www.alteritas.li\/de\/wp-json\/wp\/v2\/media?parent=17"}],"curies":[{"name":"wp","href":"https:\/\/api.w.org\/{rel}","templated":true}]}}