{"id":471,"date":"2022-06-18T13:23:40","date_gmt":"2022-06-18T11:23:40","guid":{"rendered":"https:\/\/www.alteritas.li\/?page_id=471"},"modified":"2022-10-18T16:13:31","modified_gmt":"2022-10-18T14:13:31","slug":"mentions-legales","status":"publish","type":"page","link":"https:\/\/www.alteritas.li\/fr\/mentions-legales\/","title":{"rendered":"Mentions l\u00e9gales"},"content":{"rendered":"\n<p><strong>Alteritas Strategie Fonds<\/strong><br>Werdenbergerweg 11<br>P.O. Box 749<br>9490 Vaduz<br>Liechtenstein<\/p>\n\n\n\n<p>T +423 236 17 00<\/p>\n\n\n\n<h2 class=\"wp-block-heading\">Directeur g\u00e9n\u00e9ral<\/h2>\n\n\n\n<p>Mag. Volker G. Zaworka<br>PDG<br>Directeur des investissements<br><a href=\"mailto:v.zaworka@alteritas.com\">v.zaworka@alteritas.com<\/a><\/p>\n\n\n\n<p>Type d\u2019entreprise : \u00c9tablissement [Anstalt] conforme \u00e0 la loi sur les personnes et les entreprises du Liechtenstein (PGR)<br>Registre du commerce : Vaduz FL-0001.500.251-2<br>Lieu de juridiction : Vaduz<br>Adh\u00e9sions : Institut des fiduciaires et fiduciaires professionnels du Liechtenstein<br>L\u00e9gislation applicable : Loi PGR sur les personnes et les entreprises<br>Autorit\u00e9 de surveillance : Autorit\u00e9 des march\u00e9s financiers du Liechtenstein FMA<\/p>\n\n\n\n<h2 class=\"wp-block-heading\">Copyright<\/h2>\n\n\n\n<p>Le contenu de ce site (texte et images) est disponible aux internautes exclusivement pour leur usage priv\u00e9. Toute utilisation commerciale du contenu n\u00e9cessite le consentement \u00e9crit du groupe SERCOR. Le droit exclusif d\u2019utilisation des textes et des images appartient \u00e0 l\u2019op\u00e9rateur de ce site. Les images non modifi\u00e9es sans licence sont exclues.<\/p>\n\n\n\n<h2 class=\"wp-block-heading\">Conception et design<\/h2>\n\n\n\n<p>studio spitzar, Dornbirn, Autriche<br>Direction artistique &#8211; Marco Spitzar<br>Design &#8211; Mario Brugger<br>Gestion de projet &#8211; Anita Greber<\/p>\n\n\n\n<h2 class=\"wp-block-heading\">Programmation et h\u00e9bergement <\/h2>\n\n\n\n<p>creativemedia AG, Schaan, Liechtenstein<\/p>\n","protected":false},"excerpt":{"rendered":"<p>Alteritas Strategie FondsWerdenbergerweg 11P.O. Box 7499490 VaduzLiechtenstein T +423 236 17 00 Directeur g\u00e9n\u00e9ral Mag. Volker G. ZaworkaPDGDirecteur des investissementsv.zaworka@alteritas.com Type d\u2019entreprise : \u00c9tablissement [Anstalt] conforme \u00e0 la loi sur les personnes et les entreprises du Liechtenstein (PGR)Registre du commerce : Vaduz FL-0001.500.251-2Lieu de juridiction : VaduzAdh\u00e9sions : Institut des fiduciaires et fiduciaires professionnels du [&hellip;]<\/p>\n","protected":false},"author":1,"featured_media":0,"parent":0,"menu_order":0,"comment_status":"closed","ping_status":"closed","template":"","meta":{"_seopress_robots_primary_cat":"","_seopress_titles_title":"","_seopress_titles_desc":"","_seopress_robots_index":"","footnotes":""},"class_list":["post-471","page","type-page","status-publish","hentry"],"meta_box":[],"_links":{"self":[{"href":"https:\/\/www.alteritas.li\/fr\/wp-json\/wp\/v2\/pages\/471","targetHints":{"allow":["GET"]}}],"collection":[{"href":"https:\/\/www.alteritas.li\/fr\/wp-json\/wp\/v2\/pages"}],"about":[{"href":"https:\/\/www.alteritas.li\/fr\/wp-json\/wp\/v2\/types\/page"}],"author":[{"embeddable":true,"href":"https:\/\/www.alteritas.li\/fr\/wp-json\/wp\/v2\/users\/1"}],"replies":[{"embeddable":true,"href":"https:\/\/www.alteritas.li\/fr\/wp-json\/wp\/v2\/comments?post=471"}],"version-history":[{"count":1,"href":"https:\/\/www.alteritas.li\/fr\/wp-json\/wp\/v2\/pages\/471\/revisions"}],"predecessor-version":[{"id":473,"href":"https:\/\/www.alteritas.li\/fr\/wp-json\/wp\/v2\/pages\/471\/revisions\/473"}],"wp:attachment":[{"href":"https:\/\/www.alteritas.li\/fr\/wp-json\/wp\/v2\/media?parent=471"}],"curies":[{"name":"wp","href":"https:\/\/api.w.org\/{rel}","templated":true}]}}